{"id":9,"date":"2021-11-04T13:32:12","date_gmt":"2021-11-04T13:32:12","guid":{"rendered":"http:\/\/parafialekawica.ugtarnow.pro-linuxpl.com\/?page_id=9"},"modified":"2025-10-01T08:51:04","modified_gmt":"2025-10-01T08:51:04","slug":"nabozenstwa","status":"publish","type":"page","link":"https:\/\/parafialekawica.prohost.pl\/?page_id=9","title":{"rendered":"Nabo\u017ce\u0144stwa"},"content":{"rendered":"\r\n<p><br \/><strong>Niedziela:<\/strong><\/p>\r\n\r\n\r\n\r\n<p>7.00, 9.00, 11.00, 16.00<\/p>\r\n\r\n\r\n\r\n<p><strong>Dni powszednie:<\/strong><\/p>\r\n\r\n\r\n\r\n<p>\u2013 codziennie: 6.30<br \/>\u2013 \u015broda: 18.00 \u2013 Msza \u015bw. i Nowenna do Matki Bo\u017cej Nieustaj\u0105cej Pomocy<br \/>\u2013 pi\u0105tek: 18.00 \u2013 Msza \u015bw. i Nabo\u017ce\u0144stwo do Bo\u017cego Mi\u0142osierdzia<br \/><br \/><\/p>\r\n\r\n\r\n\r\n<p><strong>\u015awi\u0119ta zniesione:<\/strong><\/p>\r\n\r\n\r\n\r\n<p>6.30, 9.00, 18.00<\/p>\r\n\r\n\r\n\r\n<p>&nbsp;<\/p>\r\n<p><strong>Bo\u017ce Narodzenie\/Wielkanoc<\/strong><\/p>\r\n\r\n\r\n\r\n<p>7.00, 9.00, 11.00, 12.30<\/p>\r\n<p>Pasterka: 24.00 (24 grudnia)\u00a0\u00a0<\/p>\r\n\r\n\r\n\r\n<p>&nbsp;<\/p>\r\n<p><strong>Dodatkowe Nabo\u017ce\u0144stwa<\/strong><\/p>\r\n\r\n\r\n\r\n<p>Gorzkie \u017cale \u2013 Niedziela &#8211; godz. 15.00<\/p>\r\n<p>Droga krzy\u017cowa &#8211; pi\u0105tek (17.30, 19.00 &#8211; m\u0142odzie\u017cowa), niedziela ok. godz. 8.00 (po Mszy \u015aw. o godz. 7.00)<\/p>\r\n\r\n\r\n\r\n<p>Nabo\u017ce\u0144stwo majowe \u2013 17.30<\/p>\r\n\r\n\r\n\r\n<p>Nabo\u017ce\u0144stwo czerwcowe \u2013 6.30<\/p>\r\n\r\n\r\n\r\n<p>R\u00f3\u017caniec (pa\u017adziernik) \u2013 17.30 (15.30 -niedziela)<\/p>\r\n\r\n\r\n\r\n<p>1 listopada (Msza \u015aw. na cmentarzu) \u2013 14.00, pozosta\u0142e Msze \u015bw. jak w niedziel\u0119, bez Mszy \u015bw. o godz. 16.00<\/p>\r\n<p>2 listopada (Dzie\u0144 Zaduszny) &#8211; 6.30, 9.00 i o godz. 18.00 (17.30 R\u00f3\u017caniec)<\/p>\r\n\r\n\r\n\r\n<p>Adoracja Naj\u015bwi\u0119tszego Sakramentu \u2013 w ka\u017cdy pi\u0105tek po mszy \u015bwi\u0119tej do godz. 19.15<\/p>\r\n\r\n\r\n\r\n<p>Roraty &#8211; w adwencie w dni powszednie od poniedzia\u0142ku do soboty o godz. 18.00.<\/p>\r\n<p>&nbsp;<\/p>\r\n<p>W I czwartek miesi\u0105ca modlimy si\u0119 o nowe powo\u0142ania kap\u0142a\u0144skie i zakonne<\/p>\r\n<p>W I sobot\u0119 miesi\u0105ca chcemy wynagradza\u0107 za nasze grzechy Niepokalanemu Sercu Maryi. Po Mszy \u015bw. porannej R\u00f3\u017caniec Fatimski.<\/p>\r\n<p>24 dnia ka\u017cdego miesi\u0105ca modlimy si\u0119 za nasze rodziny za wstawiennictwem b\u0142. Rodziny Ulm\u00f3w (Od dnia 9 kwietnia 2025 r. w tut. ko\u015bciele znajduj\u0105 si\u0119 relikwie b\u0142. Rodziny Ulm\u00f3w)<\/p>\r\n<p>&nbsp;<\/p>\r\n<p><strong>Parafia Trzemesna<\/strong><\/p>\r\n<p>\u015aroda &#8211; godz. 17.00 (wraz z nowenn\u0105)<\/p>\r\n<p>Pierwszy pi\u0105tek &#8211; godz. 16.30<\/p>\r\n<p>Sobota &#8211; godz. 17.00 (Msza \u015aw. z liturgi\u0105 niedzieln\u0105) &#8211; w okresie roku szkolnego, bez wakacji<\/p>\r\n<p>Niedziela &#8211; godz. 10.00\u00a0 (oraz II Dzie\u0144 \u015awi\u0105t)<\/p>\r\n<p>Droga Krzy\u017cowa &#8211; Pi\u0105tek godz. 16.30<\/p>\r\n<p>Gorzkie \u017cale &#8211; Niedziela po Mszy \u015bw. o godz. 10.00<\/p>\r\n<p>&nbsp;<\/p>\r\n<p>I Dzie\u0144 Wielkanocy (Niedziel\u0119 Zmartwychwstania &#8211; Msza \u015bw. z procesj\u0105 rezurekcyjn\u0105) &#8211; 8.00\u00a0<\/p>\r\n<p>1 listopada &#8211; godz. 10.00 (wraz z procesj\u0105 na cmentarz)<\/p>\r\n<p>2 listopada (Dzie\u0144 Zaduszny) &#8211; Msza \u015aw. 17.00 (16.30 &#8211; R\u00f3\u017caniec)<\/p>\r\n<p>Pasterka: 22.00 (24 grudnia)\u00a0\u00a0<\/p>\r\n<p>&nbsp;<\/p>\r\n","protected":false},"excerpt":{"rendered":"<p>Niedziela: 7.00, 9.00, 11.00, 16.00 Dni powszednie: \u2013 codziennie: 6.30\u2013 \u015broda: 18.00 \u2013 Msza \u015bw. i Nowenna do Matki Bo\u017cej Nieustaj\u0105cej Pomocy\u2013 pi\u0105tek: 18.00 \u2013 Msza \u015bw. i Nabo\u017ce\u0144stwo do Bo\u017cego Mi\u0142osierdzia \u015awi\u0119ta zniesione: 6.30, 9.00, 18.00 &nbsp; Bo\u017ce Narodzenie\/Wielkanoc 7.00, 9.00, 11.00, 12.30 Pasterka: 24.00 (24 grudnia)\u00a0\u00a0 &nbsp; Dodatkowe Nabo\u017ce\u0144stwa Gorzkie \u017cale \u2013 Niedziela [&hellip;]<\/p>\n","protected":false},"author":1,"featured_media":89,"parent":0,"menu_order":0,"comment_status":"closed","ping_status":"closed","template":"","meta":{"footnotes":""},"class_list":["post-9","page","type-page","status-publish","has-post-thumbnail","czr-hentry"],"_links":{"self":[{"href":"https:\/\/parafialekawica.prohost.pl\/index.php?rest_route=\/wp\/v2\/pages\/9","targetHints":{"allow":["GET"]}}],"collection":[{"href":"https:\/\/parafialekawica.prohost.pl\/index.php?rest_route=\/wp\/v2\/pages"}],"about":[{"href":"https:\/\/parafialekawica.prohost.pl\/index.php?rest_route=\/wp\/v2\/types\/page"}],"author":[{"embeddable":true,"href":"https:\/\/parafialekawica.prohost.pl\/index.php?rest_route=\/wp\/v2\/users\/1"}],"replies":[{"embeddable":true,"href":"https:\/\/parafialekawica.prohost.pl\/index.php?rest_route=%2Fwp%2Fv2%2Fcomments&post=9"}],"version-history":[{"count":16,"href":"https:\/\/parafialekawica.prohost.pl\/index.php?rest_route=\/wp\/v2\/pages\/9\/revisions"}],"predecessor-version":[{"id":3325,"href":"https:\/\/parafialekawica.prohost.pl\/index.php?rest_route=\/wp\/v2\/pages\/9\/revisions\/3325"}],"wp:featuredmedia":[{"embeddable":true,"href":"https:\/\/parafialekawica.prohost.pl\/index.php?rest_route=\/wp\/v2\/media\/89"}],"wp:attachment":[{"href":"https:\/\/parafialekawica.prohost.pl\/index.php?rest_route=%2Fwp%2Fv2%2Fmedia&parent=9"}],"curies":[{"name":"wp","href":"https:\/\/api.w.org\/{rel}","templated":true}]}}