{"id":648,"date":"2022-05-11T19:41:14","date_gmt":"2022-05-11T19:41:14","guid":{"rendered":"https:\/\/parafialekawica.prohost.pl\/?page_id=648"},"modified":"2022-05-11T19:41:14","modified_gmt":"2022-05-11T19:41:14","slug":"sw-mikolaj-bp","status":"publish","type":"page","link":"https:\/\/parafialekawica.prohost.pl\/?page_id=648","title":{"rendered":"\u015aw. Miko\u0142aj Bp."},"content":{"rendered":"<p>Miko\u0142aj z Miry, znany r\u00f3wnie\u017c jako Miko\u0142aj z Bari lub \u015awi\u0119ty Miko\u0142aj Cudotw\u00f3rca (ur. ok. 270 w Patarze w Azji Mniejszej, zm. ok. 345 lub 352) \u2013 biskup Miry w dzisiejszej Turcji. \u015awi\u0119ty Ko\u015bcio\u0142a katolickiego i prawos\u0142awnego, gdzie tytu\u0142owany jest mianem \u015bw. Miko\u0142aja Cudotw\u00f3rcy. Zas\u0142yn\u0105\u0142 jako cudotw\u00f3rca, ratuj\u0105c \u017ceglarzy i miasto od g\u0142odu. Odwag\u0105 i sprawiedliwo\u015bci\u0105 wykaza\u0142 si\u0119 ratuj\u0105c od \u015bmierci nies\u0142usznie skazanych urz\u0119dnik\u00f3w cesarskich.<\/p>\n<p>\u017byciorys<\/p>\n<p>Wed\u0142ug poda\u0144, \u015bwi\u0119ty Miko\u0142aj, po bogatych rodzicach otrzyma\u0142 w spadku znaczny maj\u0105tek, kt\u00f3rym ch\u0119tnie dzieli\u0142 si\u0119 z ubogimi. Wyr\u00f3\u017cnia\u0142 si\u0119 pobo\u017cno\u015bci\u0105 i mi\u0142osierdziem. Mieszka\u0144cy Miry wybrali go na swojego biskupa. Po \u017cyciu gorliwym i pe\u0142nym dobrych czyn\u00f3w, zmar\u0142 w po\u0142owie IV wieku, spontanicznie czczony przez wiernych. Znana jest historia o trzech niesprawiedliwie uwi\u0119zionych oficerach uwolnionych za jego wstawiennictwem; opowie\u015b\u0107 o trzech ubogich pannach wydanych za m\u0105\u017c dzi\u0119ki posagom, kt\u00f3rych \u015awi\u0119ty dyskretnie im dostarczy\u0142; o trzech m\u0142odzie\u0144cach uratowanych przez niego od wyroku \u015bmierci; o \u017ceglarzach wybawionych z katastrofy morskiej. Jeden z utopc\u00f3w statku wioz\u0105cego \u015bwi\u0119tego na pielgrzymk\u0119 do Jerozolimy mia\u0142 podobno zosta\u0107 przez niego wskrzeszonym. \u015awi\u0119ty Miko\u0142aj wskrzesi\u0142 te\u017c trzech m\u0142odzie\u0144c\u00f3w zabitych za nieuregulowanie rachunku za nocleg w gospodzie. Gdy Mir\u0119 opanowali Arabowie, kupcom w\u0142oskim uda\u0142o si\u0119 zabra\u0107 jego relikwie i przewie\u017a\u0107 do Bari w po\u0142udniowych W\u0142oszech. \u015awi\u0119ty Miko\u0142aj bra\u0142 udzia\u0142 w soborze w Nicei, gdzie mia\u0142 podobno spoliczkowa\u0107 Ariusza.<\/p>\n<p>Kult<\/p>\n<p>\u015awi\u0119ty Miko\u0142aj zmar\u0142 w staro\u015bci. Jego cia\u0142o, kt\u00f3re zacz\u0119\u0142o wydziela\u0107 lecznicz\u0105 mirr\u0119, pochowano w Mirze Licyjskiej. W 1087 roku relikwie przeniesiono do w\u0142oskiego miasta Bari, gdzie znajduj\u0105 si\u0119 do dnia dzisiejszego w specjalnie zbudowanym ku jego czci soborze. Pomimo niewielu wiadomo\u015bci na temat \u017cycia \u015bwi\u0119tego, jego posta\u0107 jest jedn\u0105 z najbardziej barwnych w hagiografii. Do dzi\u015b utrzymuje si\u0119 zwyczaj sk\u0142adania podarunk\u00f3w w formie niespodzianki, cho\u0107 obecnie zwyczaj ten jest cz\u0119sto \u0142\u0105czony z postaci\u0105 \u015bwi\u0119tego miko\u0142aja.<\/p>\n<p>Dzie\u0144 obchod\u00f3w<\/p>\n<p>Wspomnienie liturgiczne \u015bw. Miko\u0142aja obchodzone jest w Ko\u015bciele katolickim 6 grudnia \u2013 w naszej Parafii jest to dzie\u0144 odpustu, jako wspomnienie dowolne. Cerkiew prawos\u0142awna wspomina \u015bw. Miko\u0142aja dwukrotnie: 6\/19 grudnia[d], tj. 19 grudnia wed\u0142ug kalendarza gregoria\u0144skiego w rocznic\u0119 \u015bmierci 9\/22 maja tj. 22 maja w rocznic\u0119 przeniesienia relikwii w 1087 r. (9 maja wed\u0142ug kal. jul.). W ikonografii \u015bw. Miko\u0142aj przedstawiany jest w stroju biskupa rytu \u0142aci\u0144skiego lub greckiego w towarzystwie Jezusa i Maryi. Jego atrybutami s\u0105 m.in.: anio\u0142 z mitr\u0105, chleb, trzy z\u0142ote kule na ksi\u0119dze, trzy jab\u0142ka, trzy sakiewki, troje dzieci lub m\u0142odzie\u0144c\u00f3w w cebrzyku, kotwica, okr\u0119t, pastora\u0142 i worek prezent\u00f3w<\/p>\n<p>Patron<\/p>\n<p>Miko\u0142aj jest patronem:<\/p>\n<p>Albanii, Grecji, Rosji, Aberdeen, Antwerpii, Bari, Berlina, Bydgoszczy, Chrzanowa (woj. Ma\u0142opolskie), G\u0142ogowa, Miry, Moskwy, Nowogrodu<br \/>\nbednarzy, wytw\u00f3rc\u00f3w guzik\u00f3w, cukiernik\u00f3w i piekarzy, dzieci, panien szukaj\u0105cych kandydata na m\u0119\u017ca, gorzelnik\u00f3w i piwowar\u00f3w, je\u0144c\u00f3w, kancelist\u00f3w parafialnych, kierowc\u00f3w, kupc\u00f3w, marynarzy, rybak\u00f3w i \u017ceglarzy oraz flisak\u00f3w, m\u0142ynarzy, uczonych i student\u00f3w, notariuszy, obro\u0144c\u00f3w wiary przed herezj\u0105, pielgrzym\u00f3w i podr\u00f3\u017cnych, s\u0119dzi\u00f3w i wi\u0119\u017ani\u00f3w, sprzedawc\u00f3w perfum, wina, zbo\u017ca i nasion, pojednania Wschodu i Zachodu<br \/>\nTekst pochodzi z Wikipedii \u2013pl.wikipedia.org<\/p>\n<p>************************************************************************************<\/p>\n<p style=\"text-align: center;\">Litania do \u015awi\u0119tego Miko\u0142aja<\/p>\n<p style=\"text-align: center;\">Kyrie eleison, Chryste eleison<br \/>\nChryste us\u0142ysz nas, Chryste wys\u0142uchaj nas,<br \/>\nOjcze z nieba, Bo\u017ce \u2013 zmi\u0142uj si\u0119 nad nami<br \/>\nSynu Odkupicielu \u015bwiata Bo\u017ce<br \/>\nDuchu \u015awi\u0119ty, Bo\u017ce<br \/>\n\u015awi\u0119ta Tr\u00f3jco, Jedyny Bo\u017ce<\/p>\n<p style=\"text-align: center;\">\u015awi\u0119ty Miko\u0142aju, Cudotw\u00f3rco \u2013 m\u00f3dl si\u0119 za nami<\/p>\n<p style=\"text-align: center;\">\u015awi\u0119ty Miko\u0142aju, wspomo\u017cycielu ubogich,<br \/>\n\u015awi\u0119ty Miko\u0142aju, obro\u0144co dziewic,<br \/>\n\u015awi\u0119ty Miko\u0142aju, opiekunie \u017cegluj\u0105cych,<br \/>\n\u015awi\u0119ty Miko\u0142aju, wskrzesicielu umar\u0142ych,<br \/>\n\u015awi\u0119ty Miko\u0142aju, odnowicielu \u015bwi\u0105ty\u0144 bo\u017cych,<br \/>\n\u015awi\u0119ty Miko\u0142aju, pocieszycielu strapionych,<br \/>\n\u015awi\u0119ty Miko\u0142aju, ucieczko chorych,<br \/>\n\u015awi\u0119ty Miko\u0142aju, biskupie cudownie wybrany,<br \/>\n\u015awi\u0119ty Miko\u0142aju, dobry pasterzu wiernych,<br \/>\n\u015awi\u0119ty Miko\u0142aju, pogromco z\u0142ych duch\u00f3w,<br \/>\n\u015awi\u0119ty Miko\u0142aju, s\u0142owa Bo\u017cego g\u0142osicielu,<br \/>\n\u015awi\u0119ty Miko\u0142aju, walcz\u0105cy ze zbrodniami,<br \/>\n\u015awi\u0119ty Miko\u0142aju, zdrowie niemocnych,<br \/>\n\u015awi\u0119ty Miko\u0142aju, podporo wi\u0119\u017ani\u00f3w,<br \/>\n\u015awi\u0119ty Miko\u0142aju, strzeg\u0105cy tajemnic,<br \/>\n\u015awi\u0119ty Miko\u0142aju, szczodry ja\u0142mu\u017cniku,<br \/>\n\u015awi\u0119ty Miko\u0142aju, mi\u0142uj\u0105cy ub\u00f3stwo,<br \/>\n\u015awi\u0119ty Miko\u0142aju, podporo wstrzemi\u0119\u017aliwo\u015bci,<br \/>\n\u015awi\u0119ty Miko\u0142aju, opiekunie sierot,<br \/>\n\u015awi\u0119ty Miko\u0142aju, opiekunie rodzin,<br \/>\n\u015awi\u0119ty Miko\u0142aju, na\u015bladowco Cn\u00f3t Chrystusowych,<br \/>\n\u015awi\u0119ty Miko\u0142aju, po\u015bredniku nasz u Pana,<br \/>\n\u015awi\u0119ty Miko\u0142aju, ratunku konaj\u0105cych,<br \/>\n\u015awi\u0119ty Miko\u0142aju, wybawicielu dusz czy\u015b\u0107cowych,<br \/>\n\u015awi\u0119ty Miko\u0142aju, ucieczko w ka\u017cdej potrzebie,<br \/>\n\u015awi\u0119ty Miko\u0142aju, ojcze nasz najlepszy,<br \/>\n\u015awi\u0119ty Miko\u0142aju, patronie naszego ko\u015bcio\u0142a,<br \/>\n\u015awi\u0119ty Miko\u0142aju, opiekunie naszej parafii,<\/p>\n<p style=\"text-align: center;\">Baranku Bo\u017cy, kt\u00f3ry g\u0142adzisz grzechy \u015bwiata, przepu\u015b\u0107 nam, Panie<br \/>\nBaranku Bo\u017cy, kt\u00f3ry g\u0142adzisz grzechy \u015bwiata, wys\u0142uchaj nas, Panie<br \/>\nBaranku Bo\u017cy, kt\u00f3ry g\u0142adzisz grzechy \u015bwiata, zmi\u0142uj si\u0119 nad nami.<\/p>\n<p style=\"text-align: center;\">K. M\u00f3dl si\u0119 za nami \u015bwi\u0119ty Miko\u0142aju<br \/>\nW. Aby\u015bmy stali si\u0119 godnymi obietnic Chrystusowych<\/p>\n<p style=\"text-align: center;\">K. M\u00f3dlmy si\u0119:<br \/>\nMi\u0142osierny Ojcze Niebieski, dzi\u0119kujemy \u0142askawo\u015bci Twojej za to, \u017ce \u015bwi\u0119tego Miko\u0142aja naznaczy\u0142e\u015b nam jako patrona i opiekuna; racz nas przez ca\u0142e \u017cycie prowadzi\u0107 drog\u0105 przykaza\u0144 Twoich, aby\u015bmy b\u0119d\u0105c z \u0142aski Twojej wezwani, za Jego przyczyn\u0105 s\u0142u\u017cy\u0107 Ci mogli na wieki ze \u015bwi\u0119tymi w niebie.<br \/>\nPrzez Chrystusa Pana naszego. Amen.<\/p>\n<p style=\"text-align: center;\">Nowenna do \u015bw. Miko\u0142aja<\/p>\n<p style=\"text-align: center;\">MODLITWA WST\u0118PNA<\/p>\n<p style=\"text-align: center;\">Chwalebny \u015bwi\u0119ty Miko\u0142aju, cie\u00adbie B\u00f3g obdarzy\u0142 wielkim przywile\u00adjem wspomagania ludzi. Tysi\u0105com zwracaj\u0105cym si\u0119 do ciebie z r\u00f3\u017cnymi k\u0142opotami udziela\u0142e\u015b pomocy: umie\u00adraj\u0105cym nios\u0142e\u015b pociech\u0119, tr\u0119dowa\u00adtym uwolnienie, chorym zdrowie, studentom jasn\u0105 my\u015bl, \u017cegluj\u0105cym bezpieczny port, uwi\u0119zionym wol\u00adno\u015b\u0107. Kto zreszt\u0105 zdo\u0142a zliczy\u0107 tych wszystkich, kt\u00f3rzy przez ciebie otrzymali pociech\u0119 i pomoc, kt\u00f3rej ci\u0105gle obficie udzielasz.<\/p>\n<p style=\"text-align: center;\">Uciekamy si\u0119 do ciebie i b\u0142agamy o pomoc w tych sprawach, kt\u00f3re pra\u00adgniemy Ci przedstawi\u0107\u2026 (chwila ciszy)<\/p>\n<p style=\"text-align: center;\">Modlitwy dzieci do \u015awi\u0119tego Miko\u0142aja<\/p>\n<p style=\"text-align: center;\">Przyb\u0105d\u017a \u015bwi\u0119ty Miko\u0142aju<br \/>\nZejd\u017a z niebieskich wzg\u00f3rz.<br \/>\nGrzeczne dzieci Ci\u0119 czekaj\u0105,<br \/>\nCho\u0107 posn\u0119\u0142y ju\u017c.<\/p>\n<p style=\"text-align: center;\">Przy \u0142\u00f3\u017ceczku anio\u0142 Bo\u017cy,<br \/>\nCzuwa Anio\u0142 Str\u00f3\u017c.<br \/>\nOn Ci z lekka drzwi otworzy,<br \/>\nA Ty dary z\u0142\u00f3\u017c.<\/p>\n<p style=\"text-align: center;\">***<\/p>\n<p style=\"text-align: center;\">Dobry \u015bw. Miko\u0142aju,<\/p>\n<p style=\"text-align: center;\">Patrz jak dzieci si\u0119 kochaj\u0105!<\/p>\n<p style=\"text-align: center;\">Ty pami\u0119tasz o nas w niebie,<\/p>\n<p style=\"text-align: center;\">my modlimy si\u0119 do ciebie.<\/p>\n<p style=\"text-align: center;\">Naucz dzieci kocha\u0107 Boga<\/p>\n<p style=\"text-align: center;\">i dla innych dobrym by\u0107.<\/p>\n<p style=\"text-align: center;\">Jaka jest do nieba droga,<\/p>\n<p style=\"text-align: center;\">jak na ziemi trzeba \u017cy\u0107.<\/p>\n<p style=\"text-align: center;\">Amen.<\/p>\n<p style=\"text-align: center;\">***<\/p>\n<p style=\"text-align: center;\">Wiem, \u015awi\u0119ty Miko\u0142aju! S\u0105 wa\u017cniejsze sprawy,<\/p>\n<p style=\"text-align: center;\">Od \u201eSims\u00f3w\u201d pod choink\u0119, klock\u00f3w do zabawy,<\/p>\n<p style=\"text-align: center;\">Kolejki elektrycznej, co p\u0119dzi a\u017c mi\u0142o,<\/p>\n<p style=\"text-align: center;\">I pr\u00f3\u015bb, aby klas\u00f3wki z polskiego nie by\u0142o.<\/p>\n<p style=\"text-align: center;\">Wiem o tym doskonale i nie o to prosz\u0119 \u2013<\/p>\n<p style=\"text-align: center;\">Zabawek mam ju\u017c chyba ze dwa pe\u0142ne kosze \u2013<\/p>\n<p style=\"text-align: center;\">Nie chc\u0119 te\u017c komputera \u2013 do\u015b\u0107 z tym ambarasu!<\/p>\n<p style=\"text-align: center;\">Spraw lepiej, by m\u00f3j Tata zn\u00f3w mia\u0142 wi\u0119cej czasu.<\/p>\n<p style=\"text-align: center;\">Bym w pi\u0142k\u0119 m\u00f3g\u0142 z nim pogra\u0107, poje\u017adzi\u0107 rowerem,<\/p>\n<p style=\"text-align: center;\">W \u017cagl\u00f3wce si\u0105\u015b\u0107 wygodnie i bawi\u0107 si\u0119 sterem,<\/p>\n<p style=\"text-align: center;\">Bym jego star\u0105 w\u0119dk\u0105 \u2013 tak jak w zesz\u0142ym roku \u2013<\/p>\n<p style=\"text-align: center;\">Pstr\u0105gi m\u00f3g\u0142 w rzece \u0142owi\u0107 w ciszy i o zmroku.<\/p>\n<p style=\"text-align: center;\">Wy\u0142\u0105cz mu telefony i zabierz laptopa,<\/p>\n<p style=\"text-align: center;\">Niech\u017ce mu wreszcie spok\u00f3j da ca\u0142a Europa!<\/p>\n<p style=\"text-align: center;\">Niech si\u0119 nigdzie nie spieszy, u\u015bmiecha do Mamy,<\/p>\n<p style=\"text-align: center;\">A nie siedzi przy kawie wiecznie zatroskany.<\/p>\n<p style=\"text-align: center;\">Je\u017celi to si\u0119 uda \u2013 \u015awi\u0119ty Miko\u0142aju!!!<\/p>\n<p style=\"text-align: center;\">To pierwsz\u0105 paczk\u0119 chips\u00f3w zjem dopiero w maju,<\/p>\n<p style=\"text-align: center;\">Posprz\u0105tam wszystkie \u015bmieci spod swego tapczanu,<\/p>\n<p style=\"text-align: center;\">Pokocham nawet szpinak, wypij\u0119 litr tranu,<\/p>\n<p style=\"text-align: center;\">Siostrze w lekcjach pomog\u0119, pozmywam talerze \u2013<\/p>\n<p style=\"text-align: center;\">Cho\u0107 ju\u017c na widok zlewu zm\u0119czenie mnie bierze.<\/p>\n<p style=\"text-align: center;\">I zawsze b\u0119d\u0119 szczerze protestowa\u0142 z krzykiem,<\/p>\n<p style=\"text-align: center;\">Je\u015bli Ci\u0119 kto\u015b pomyli znowu z Kopernikiem!<\/p>\n<p style=\"text-align: center;\">Modlitwy o wstawiennictwo \u015bw. Miko\u0142aja<\/p>\n<p style=\"text-align: center;\">Mi\u0142osierny Bo\u017ce, wo\u0142amy o Twoj\u0105 \u0142ask\u0119.<br \/>\nZa wstawiennictwem \u015bw. Miko\u0142aja, biskupa,<br \/>\nczuwaj nad nami w\u015br\u00f3d<br \/>\nwszelkich niebezpiecze\u0144stw,<br \/>\naby\u015bmy mogli bez przeszk\u00f3d<br \/>\nkroczy\u0107 drog\u0105 wiod\u0105c\u0105 do zbawienia.<br \/>\nPrzez Chrystusa Pana naszego. Amen.<\/p>\n<p style=\"text-align: center;\">***<\/p>\n<p style=\"text-align: center;\">Zasado wiary, wzorcu pokory, nauczycielu wstrzemi\u0119\u017aliwo\u015bci,<br \/>\nukaza\u0142e\u015b si\u0119 swojej trzodzie jako szczery obro\u0144ca Prawdy,<br \/>\nprzez pokor\u0119 zdoby\u0142e\u015b wielko\u015b\u0107,<br \/>\na na drodze ub\u00f3stwa zdoby\u0142e\u015b bogactwo.<br \/>\nOjcze, Arcykap\u0142anie Miko\u0142aju,<br \/>\nm\u00f3dl si\u0119 do Boga Chrystusa, by wybawi\u0142 dusze nasze.<\/p>\n<p style=\"text-align: justify;\">Chwalebny \u015bw. Miko\u0142aju szczeg\u00f3lny m\u00f3j obro\u0144co, wejrzyj na mnie lito\u015bciwym okiem z onej g\u00f3rnej \u015bwiat\u0142o\u015bci, w kt\u00f3rej widzeniem Boga si\u0119 nasycasz i upro\u015b mi u Pana \u0142ask\u0119 i pomoc stosown\u0105 do obecnych potrzeb moich tak duchowych jak i doczesnych, a szczeg\u00f3lniej \u0142ask\u0119 (w tym miejscu wymieniamy intencj\u0119 w jakiej chcemy si\u0119 modli\u0107) je\u017celi mi pomocn\u0105 by\u0107 ma do wiecznego zbawienia mego. Pomnij tak\u017ce, o chwalebny \u015bw. Biskupie, na najwy\u017cszego pasterza naszego, Papie\u017ca, na Ko\u015bci\u00f3\u0142 \u015bw. i na pobo\u017cne miasto nasze. Naprowad\u017a na drog\u0119 zbawienia wszystkich, co \u017cycie prowadz\u0105 zanurzeni w grzechy, wszystkich nieumiej\u0119tno\u015bci\u0105, b\u0142\u0119dem i kacerstwem o\u015blepionych. Pociesz strapionych, opatrz w potrzebie b\u0119d\u0105cych, umocnij chwiej\u0105cych si\u0119, wesprzyj uci\u015bnionych, ul\u017cyj chorym i spraw, aby wszyscy doznali mo\u017cnej opieki Twojej i najwy\u017cszego dawcy wszelkiego dobra. Amen.<\/p>\n<p style=\"text-align: justify;\">Ojcze nasz\u2026 Zdrowa\u015b Maryjo\u2026 Chwa\u0142a Ojcu\u2026<\/p>\n<p style=\"text-align: justify;\">M\u00f3dl si\u0119 za nami \u015bw. Miko\u0142aju,<\/p>\n<p style=\"text-align: justify;\">Aby\u015bmy si\u0119 stali godnymi obietnic Pana Chrystusowych.<\/p>\n<p style=\"text-align: justify;\">M\u00f3dlmy si\u0119: Bo\u017ce, kt\u00f3ry b\u0142ogos\u0142awionego Miko\u0142aja, chwalebnego wyznawc\u0119 i Biskupa Twojego niezliczonymi cudami ws\u0142awi\u0142e\u015b i codziennie Go niemi ws\u0142awia\u0107 nie przestajesz, daj nam, prosimy, a\u017ceby\u015bmy przez zas\u0142ugi i modlitwy Jego od ognia piekielnego i od wszelkich niebezpiecze\u0144stw byli wybawieni. Przez Chrystusa Pana naszego. Amen.<\/p>\n<p style=\"text-align: justify;\">modlitwy pochodz\u0105 z http:\/\/www.katedra.kalisz.pl<\/p>\n<p style=\"text-align: justify;\">Modlitwa<\/p>\n<p style=\"text-align: justify;\">Bo\u017ce, Ty\u015b obdarzy\u0142 \u015bwi\u0119tego Miko\u0142aja dobroci\u0105 i mi\u0142osierdziem. Spraw, aby\u015bmy i my umieli zawsze dzieli\u0107 si\u0119 z potrzebuj\u0105cymi. Amen<\/p>\n","protected":false},"excerpt":{"rendered":"<p>Miko\u0142aj z Miry, znany r\u00f3wnie\u017c jako Miko\u0142aj z Bari lub \u015awi\u0119ty Miko\u0142aj Cudotw\u00f3rca (ur. ok. 270 w Patarze w Azji Mniejszej, zm. ok. 345 lub 352) \u2013 biskup Miry w dzisiejszej Turcji. \u015awi\u0119ty Ko\u015bcio\u0142a katolickiego i prawos\u0142awnego, gdzie tytu\u0142owany jest mianem \u015bw. Miko\u0142aja Cudotw\u00f3rcy. Zas\u0142yn\u0105\u0142 jako cudotw\u00f3rca, ratuj\u0105c \u017ceglarzy i miasto od g\u0142odu. Odwag\u0105 i [&hellip;]<\/p>\n","protected":false},"author":1,"featured_media":0,"parent":0,"menu_order":0,"comment_status":"closed","ping_status":"closed","template":"","meta":{"footnotes":""},"class_list":["post-648","page","type-page","status-publish","czr-hentry"],"_links":{"self":[{"href":"https:\/\/parafialekawica.prohost.pl\/index.php?rest_route=\/wp\/v2\/pages\/648","targetHints":{"allow":["GET"]}}],"collection":[{"href":"https:\/\/parafialekawica.prohost.pl\/index.php?rest_route=\/wp\/v2\/pages"}],"about":[{"href":"https:\/\/parafialekawica.prohost.pl\/index.php?rest_route=\/wp\/v2\/types\/page"}],"author":[{"embeddable":true,"href":"https:\/\/parafialekawica.prohost.pl\/index.php?rest_route=\/wp\/v2\/users\/1"}],"replies":[{"embeddable":true,"href":"https:\/\/parafialekawica.prohost.pl\/index.php?rest_route=%2Fwp%2Fv2%2Fcomments&post=648"}],"version-history":[{"count":1,"href":"https:\/\/parafialekawica.prohost.pl\/index.php?rest_route=\/wp\/v2\/pages\/648\/revisions"}],"predecessor-version":[{"id":649,"href":"https:\/\/parafialekawica.prohost.pl\/index.php?rest_route=\/wp\/v2\/pages\/648\/revisions\/649"}],"wp:attachment":[{"href":"https:\/\/parafialekawica.prohost.pl\/index.php?rest_route=%2Fwp%2Fv2%2Fmedia&parent=648"}],"curies":[{"name":"wp","href":"https:\/\/api.w.org\/{rel}","templated":true}]}}