{"id":36,"date":"2021-11-04T14:42:31","date_gmt":"2021-11-04T14:42:31","guid":{"rendered":"http:\/\/parafialekawica.ugtarnow.pro-linuxpl.com\/?page_id=36"},"modified":"2024-05-05T12:07:01","modified_gmt":"2024-05-05T12:07:01","slug":"kontakt","status":"publish","type":"page","link":"https:\/\/parafialekawica.prohost.pl\/?page_id=36","title":{"rendered":"Kontakt"},"content":{"rendered":"<p>Parafia rzymskokatolicka p.w. \u015bw. Miko\u0142aja Biskupa w \u0141\u0119kawicy k\/ Skrzyszowa<br \/>\n\u0141\u0119kawica 64<\/p>\n<p>33-156 Skrzysz\u00f3w<\/p>\n<p>woj. ma\u0142opolskie<\/p>\n<p>\u200b<\/p>\n<p>tel. 14 67 44 006<\/p>\n<p>e-mail: lekawica@diecezja.tarnow.pl<\/p>\n<p><a href=\"https:\/\/www.facebook.com\/parafia.lekawica\">https:\/\/www.facebook.com\/parafia.lekawica<\/a><\/p>\n<p>nr konta: Bank Pekao S.A.\u00a0 \u00a022 1240 1910 1111 0010 9763 9968<\/p>\n<p>&nbsp;<\/p>\n<p><strong>Kancelaria<\/strong><\/p>\n<p>Czynna codziennie (z wyj\u0105tkiem niedziel, \u015bwi\u0105t oraz pierwszych pi\u0105tk\u00f3w miesi\u0105ca) od 7.00 do 7.45 oraz w \u015brody i pi\u0105tki od 17.00 do 17.45 (w\u00a0czasie wakacji w \u015brody ze wzgl\u0119du na Msz\u0119 \u015bw. w Trzemesnej kancelaria po po\u0142udniu czynna b\u0119dzie bezpo\u015brednio po Mszy \u015bw. wieczornej)<\/p>\n","protected":false},"excerpt":{"rendered":"<p>Parafia rzymskokatolicka p.w. \u015bw. Miko\u0142aja Biskupa w \u0141\u0119kawicy k\/ Skrzyszowa \u0141\u0119kawica 64 33-156 Skrzysz\u00f3w woj. ma\u0142opolskie \u200b tel. 14 67 44 006 e-mail: lekawica@diecezja.tarnow.pl https:\/\/www.facebook.com\/parafia.lekawica nr konta: Bank Pekao S.A.\u00a0 \u00a022 1240 1910 1111 0010 9763 9968 &nbsp; Kancelaria Czynna codziennie (z wyj\u0105tkiem niedziel, \u015bwi\u0105t oraz pierwszych pi\u0105tk\u00f3w miesi\u0105ca) od 7.00 do 7.45 oraz w [&hellip;]<\/p>\n","protected":false},"author":1,"featured_media":0,"parent":0,"menu_order":0,"comment_status":"closed","ping_status":"closed","template":"","meta":{"footnotes":""},"class_list":["post-36","page","type-page","status-publish","czr-hentry"],"_links":{"self":[{"href":"https:\/\/parafialekawica.prohost.pl\/index.php?rest_route=\/wp\/v2\/pages\/36","targetHints":{"allow":["GET"]}}],"collection":[{"href":"https:\/\/parafialekawica.prohost.pl\/index.php?rest_route=\/wp\/v2\/pages"}],"about":[{"href":"https:\/\/parafialekawica.prohost.pl\/index.php?rest_route=\/wp\/v2\/types\/page"}],"author":[{"embeddable":true,"href":"https:\/\/parafialekawica.prohost.pl\/index.php?rest_route=\/wp\/v2\/users\/1"}],"replies":[{"embeddable":true,"href":"https:\/\/parafialekawica.prohost.pl\/index.php?rest_route=%2Fwp%2Fv2%2Fcomments&post=36"}],"version-history":[{"count":5,"href":"https:\/\/parafialekawica.prohost.pl\/index.php?rest_route=\/wp\/v2\/pages\/36\/revisions"}],"predecessor-version":[{"id":2329,"href":"https:\/\/parafialekawica.prohost.pl\/index.php?rest_route=\/wp\/v2\/pages\/36\/revisions\/2329"}],"wp:attachment":[{"href":"https:\/\/parafialekawica.prohost.pl\/index.php?rest_route=%2Fwp%2Fv2%2Fmedia&parent=36"}],"curies":[{"name":"wp","href":"https:\/\/api.w.org\/{rel}","templated":true}]}}