{"id":32,"date":"2021-11-04T14:35:32","date_gmt":"2021-11-04T14:35:32","guid":{"rendered":"http:\/\/parafialekawica.ugtarnow.pro-linuxpl.com\/?page_id=32"},"modified":"2021-11-04T14:42:00","modified_gmt":"2021-11-04T14:42:00","slug":"pogrzeb","status":"publish","type":"page","link":"https:\/\/parafialekawica.prohost.pl\/?page_id=32","title":{"rendered":"Pogrzeb"},"content":{"rendered":"<p style=\"text-align: center;\"><img loading=\"lazy\" decoding=\"async\" class=\"alignnone size-full wp-image-33\" src=\"http:\/\/parafialekawica.ugtarnow.pro-linuxpl.com\/wp-content\/uploads\/2021\/11\/friedhof_726apa031209.jpg\" alt=\"\" width=\"520\" height=\"335\" srcset=\"https:\/\/parafialekawica.prohost.pl\/wp-content\/uploads\/2021\/11\/friedhof_726apa031209.jpg 520w, https:\/\/parafialekawica.prohost.pl\/wp-content\/uploads\/2021\/11\/friedhof_726apa031209-300x193.jpg 300w\" sizes=\"auto, (max-width: 520px) 100vw, 520px\" \/><\/p>\n<p style=\"text-align: justify;\"><em>\u015amier\u0107 bliskiej osoby to z pewno\u015bci\u0105 trudny moment dla bliskich. Pogrzeb chrze\u015bcija\u0144ski, to dla cz\u0142owieka wierz\u0105cego zwie\u0144czenie jego sakramentalnego \u017cycia. To, jak m\u00f3wi Katechizm Koscio\u0142a Katolickiego &#8222;dope\u0142nienie nowych narodzin rozpocz\u0119tych na chrzcie \u015bwi\u0119tym\u201d.<\/em><\/p>\n<p style=\"text-align: right;\">KKK 1682<\/p>\n<p style=\"text-align: justify;\">\u200b<\/p>\n<p style=\"text-align: justify;\">Najwa\u017cniejszym i najlepszym darem dla osoby zmar\u0142ej jest modlitwa w jego intencji. Zach\u0119camy wi\u0119c do pe\u0142nego uczestnictwa w liturgii pogrzebu, poprzez odpowiednie przygotowanie (Spowied\u017a \u015awieta) i przyjecie Komunii \u015awi\u0119tej w intencji osoby zmar\u0142ej. Szczytem modlitwy chrze\u015bcija\u0144skiej jest Naj\u015bwi\u0119tsza Eucharystia &#8211; zachecamy r\u00f3wnie\u017c do kultywowania dobrego zwyczaju zamawiania Mszy \u015awi\u0119tych za zmar\u0142ego.<\/p>\n<p style=\"text-align: justify;\">\u200b<\/p>\n<p style=\"text-align: justify;\">Msza \u015bw. pogrzebowa odprawiana jest w ko\u015bciele parafialnym bez obecno\u015bci trumny z cia\u0142em zmar\u0142ego. Po Mszy \u015bw. dalsza cz\u0119\u015b\u0107 ceremonii pogrzebowej w kaplicy cmentarnej i przy grobie.<\/p>\n<p style=\"text-align: justify;\">\u200b<\/p>\n<p style=\"text-align: justify;\">Dokumenty potrzebne do chrze\u015bcija\u0144skiego pogrzebu:<\/p>\n<ul>\n<li style=\"text-align: justify;\">akt zgonu (z Urz\u0119du Stanu Cywilnego),<\/li>\n<li style=\"text-align: justify;\">karta zgonu \u2013 za\u015bwiadczenie dla celu pochowania zw\u0142ok,<\/li>\n<li style=\"text-align: justify;\">zgoda na pogrzeb w parafii (dot. zmar\u0142ych spoza parafii),<\/li>\n<li style=\"text-align: justify;\">informacja o udzieleniu sakramentu chorych i wiatyku (Komunii \u015bwi\u0119tej), je\u015bli zgon nast\u0105pi\u0142 poza parafi\u0105 lub w szpitalu.<\/li>\n<\/ul>\n<p style=\"text-align: justify;\">\u200b<\/p>\n<p style=\"text-align: justify;\">Kolejno\u015b\u0107 za\u0142atwiania spraw zwi\u0105zanych z pogrzebem:<\/p>\n<ul>\n<li style=\"text-align: justify;\">Zg\u0142osi\u0107 si\u0119 do parafii by ustali\u0107 dzie\u0144 i godzin\u0119 pogrzebu.<\/li>\n<li style=\"text-align: justify;\">Skontaktowa\u0107 si\u0119 z firm\u0105 pogrzebow\u0105.<\/li>\n<\/ul>\n<p style=\"text-align: justify;\">W mi\u0119dzyczasie odebra\u0107 od lekarza kart\u0119 zgonu i uzupe\u0142ni\u0107 j\u0105 w USC (otrzymujemy akt zgonu).<\/p>\n<p style=\"text-align: justify;\">B\u0119d\u0105c w posiadaniu karty zgonu i aktu zgonu zg\u0142osi\u0107 si\u0119 do kancelarii parafialnej. Je\u017celi osoba zmar\u0142a nie by\u0142a z naszej parafii, nale\u017cy dostarczy\u0107 zgod\u0119 na pogrzeb katolicki z parafii, do kt\u00f3rej nale\u017ca\u0142a osoba zmar\u0142a.<\/p>\n<p style=\"text-align: justify;\">Po wype\u0142nieniu wszelkich formalno\u015bci, nale\u017cy skontaktowa\u0107 si\u0119 z grabarzem, ustalaj\u0105c z nim sprawy zwi\u0105zane bezpo\u015brednio z poch\u00f3wkiem na cmentarzu.<\/p>\n<p style=\"text-align: justify;\">Dalsze szczeg\u00f3\u0142y co do przebiegu uroczysto\u015bci pogrzebowej ustalamy z ksi\u0119dzem podczas wizyty w kancelarii.<\/p>\n<p style=\"text-align: justify;\">\u200b<\/p>\n<p style=\"text-align: justify;\">\u200b<\/p>\n<p style=\"text-align: justify;\">Regulamin Cmentarza Parafialnego w \u0141\u0119kawicy<\/p>\n<p style=\"text-align: justify;\">\u200b<\/p>\n<p style=\"text-align: justify;\">Administratorem cmentarza jest Proboszcz, kt\u00f3ry czuwa nad przestrzeganiem zasad dotycz\u0105cych sakralnego charakteru miejsca, bezpiecze\u0144stwa i przyj\u0119tego planu zagospodarowania. Wykonuje on swoje zadania przy wsparciu Pana Grabarza.<\/p>\n<p style=\"text-align: justify;\">Postanowienia porz\u0105dkowe:<\/p>\n<p style=\"text-align: justify;\">\u200b<\/p>\n<p style=\"text-align: justify;\">1. Obowi\u0105zek utrzymania czysto\u015bci i porz\u0105dku na grobie, jak r\u00f3wnie\u017c w jego otoczeniu, spoczywa na dysponencie grobu. Nieczysto\u015bci nale\u017cy sk\u0142ada\u0107 do kontenera i miejsca wyznaczonego.<\/p>\n<p style=\"text-align: justify;\">Na terenie cmentarza zakazuje si\u0119:<br \/>\n\uf0fc przebywania na jego terenie poza godzinami otwarcia;<br \/>\n\uf0fc wjazdu pojazdami mechanicznymi bez zezwolenia Administratora (nie dotyczy pojazd\u00f3w s\u0142u\u017cb porz\u0105dkowych i interwencyjnych);<br \/>\n\uf0fc wjazdu pojazdami jedno\u015bladowymi (dopuszcza si\u0119 poruszanie pieszo z rowerem);<br \/>\n\uf0fc wprowadzania zwierz\u0105t;<br \/>\n\uf0fc zak\u0142\u00f3cania ciszy;<br \/>\n\uf0fcpalenia tytoniu, spo\u017cywania alkoholu i za\u017cywania \u015brodk\u00f3w odurzaj\u0105cych, a tak\u017ce przebywania na jego terenie w stanie nietrze\u017awo\u015bci lub odurzenia;<br \/>\n\uf0fc niszczenia zieleni, nagrobk\u00f3w i urz\u0105dze\u0144 cmentarnych;<br \/>\n\uf0fc palenia \u015bmieci lub wyrzucania ich poza miejscami do tego przeznaczonymi;<br \/>\n\uf0fc ustawiania \u0142awek, p\u0142ot\u00f3w oraz innych konstrukcji utrudniaj\u0105cych poruszanie si\u0119 po jego terenie;<br \/>\n\uf0fc zabudowy grobu wykraczaj\u0105cej poza powierzchni\u0119 miejsca grzebalnego oraz utwardzania powierzchni w jego obr\u0119bie;<br \/>\n\uf0fc samowolnego wykonywania prac budowlanych i przemieszczania nagrobk\u00f3w;<br \/>\n\uf0fc samowolnego sadzenia oraz usuwania drzew i krzew\u00f3w;<br \/>\n\uf0fc prowadzenia dzia\u0142alno\u015bci zarobkowej, w tym handlowej;<br \/>\n\uf0fc prowadzenia jakichkolwiek dzia\u0142a\u0144 o charakterze reklamowym i marketingowym;<br \/>\n\uf0fc uprawiania \u017cebractwa;<br \/>\n\uf0fc organizowania \u015bwieckich ceremonii pogrzebowych, chyba \u017ce, (cmentarz parafialny jest jedynym w miejscowo\u015bci), lub rodzina zmar\u0142ego akatolika pragnie pochowa\u0107 go w istniej\u0105cym ju\u017c grobie rodzinnym;<br \/>\n\uf0fc dokonywania innych czynno\u015bci, kt\u00f3re sprzeciwiaj\u0105 si\u0119 \u015bwi\u0119to\u015bci i powadze miejsca.<\/p>\n<p style=\"text-align: justify;\">2. Administrator nie odpowiada za szkody wynikaj\u0105ce z kradzie\u017cy, dewastacji pomnika, zdarze\u0144 losowych, zjawisk i katastrof naturalnych, itp. Od nast\u0119pstw tych zdarze\u0144 i zjawisk dysponent grobu mo\u017ce wykupi\u0107 sobie odr\u0119bne ubezpieczenie u dowolnego ubezpieczyciela (kt\u00f3ry takie ubezpieczenie oferuje).<\/p>\n<p style=\"text-align: justify;\">Zagospodarowanie cmentarza i prowadzenie na nim prac:<\/p>\n<p style=\"text-align: justify;\">1. Wykonywanie jakichkolwiek prac na cmentarzu, zar\u00f3wno osobi\u015bcie, jak i na podstawie zlecenia i jest dopuszczalne wy\u0142\u0105cznie za zgod\u0105 Administratora i w porozumieniu z pracownikiem \u2013 dozorc\u0105 cmentarza, kt\u00f3rego mianuje Administrator. On te\u017c wykonuje te prace lub powierza te prace osobom lub firmom kamieniarskim na podstawie sporz\u0105dzonej<br \/>\n2. Je\u017celi na cmentarzu znajduje si\u0119 zaniedbany i bezpowrotnie niszczej\u0105cy gr\u00f3b maj\u0105cy walory zabytku, , to Administrator \u2013 po upewnieniu si\u0119, \u017ce dotychczasowy dysponent grobu jak i jego krewni nie s\u0105 zainteresowani prolongat\u0105 i przeprowadzeniem dzia\u0142a\u0144 konserwatorskich \u2013 mo\u017ce udost\u0119pni\u0107 go innej osobie, kt\u00f3ra przeprowadzi konieczne naprawy i otrzyma prawo do dysponowania.<\/p>\n<p style=\"text-align: justify;\">Op\u0142aty cmentarne:<\/p>\n<p style=\"text-align: justify;\">\u200b<\/p>\n<p style=\"text-align: justify;\">1. Op\u0142aty cmentarne wynikaj\u0105 z koszt\u00f3w funkcjonowania cmentarza oraz konieczno\u015bci wykonania niezb\u0119dnych prac inwestycyjnych. S\u0105 one pobierane od miejsca grzebalnego, a ich wysoko\u015b\u0107 zale\u017cy od rodzaju grobu i jest ustalona przez Administratora w porozumieniu z Rad\u0105 Parafialn\u0105.<br \/>\n2. Dysponent grobu ziemnego winien uzyska\u0107 zezwolenie Administratora na wzniesienie pomnika, nagrobka lub wykonania obmurowania grobu i wnie\u015b\u0107 op\u0142at\u0119 z tego tytu\u0142u, chyba \u017ce uczyni\u0142 to przy op\u0142acie miejsca grzebalnego.<br \/>\n3. Op\u0142aty za prawo do grobu pobierane s\u0105 do\u017cywotnio. W tym czasie nie jest mo\u017cliwe pochowanie innej osoby w grobie pojedynczym, z wyj\u0105tkiem urn.<br \/>\n4. Zestawienie wysoko\u015bci ustalonych op\u0142at znajduje si\u0119 u Ks. Proboszcza w kancelarii.<\/p>\n<p style=\"text-align: justify;\">Przepis ko\u0144cowy<\/p>\n<p style=\"text-align: justify;\">\u200b<\/p>\n<p style=\"text-align: justify;\">1. W sprawach nieuregulowanych niniejszym Regulaminem zastosowanie maj\u0105 powszechnie obowi\u0105zuj\u0105ce przepisy prawne, a w szczeg\u00f3lno\u015bci Ustawa o cmentarzach i chowaniu zmar\u0142ych oraz Instrukcja o Cmentarzu Parafialnym w Diecezji Tarnowskiej z dnia 06 marca 2019 roku.<\/p>\n<p style=\"text-align: justify;\">2. Niniejszy Regulamin wchodzi w \u017cycie z dniem 01. 07. 2020 r.<\/p>\n<p style=\"text-align: justify;\">Proboszcz &#8211; Ks. Grzegorz Grych<\/p>\n<p style=\"text-align: justify;\">\u200b<\/p>\n","protected":false},"excerpt":{"rendered":"<p>\u015amier\u0107 bliskiej osoby to z pewno\u015bci\u0105 trudny moment dla bliskich. Pogrzeb chrze\u015bcija\u0144ski, to dla cz\u0142owieka wierz\u0105cego zwie\u0144czenie jego sakramentalnego \u017cycia. To, jak m\u00f3wi Katechizm Koscio\u0142a Katolickiego &#8222;dope\u0142nienie nowych narodzin rozpocz\u0119tych na chrzcie \u015bwi\u0119tym\u201d. KKK 1682 \u200b Najwa\u017cniejszym i najlepszym darem dla osoby zmar\u0142ej jest modlitwa w jego intencji. Zach\u0119camy wi\u0119c do pe\u0142nego uczestnictwa w liturgii [&hellip;]<\/p>\n","protected":false},"author":1,"featured_media":0,"parent":0,"menu_order":0,"comment_status":"closed","ping_status":"closed","template":"","meta":{"footnotes":""},"class_list":["post-32","page","type-page","status-publish","czr-hentry"],"_links":{"self":[{"href":"https:\/\/parafialekawica.prohost.pl\/index.php?rest_route=\/wp\/v2\/pages\/32","targetHints":{"allow":["GET"]}}],"collection":[{"href":"https:\/\/parafialekawica.prohost.pl\/index.php?rest_route=\/wp\/v2\/pages"}],"about":[{"href":"https:\/\/parafialekawica.prohost.pl\/index.php?rest_route=\/wp\/v2\/types\/page"}],"author":[{"embeddable":true,"href":"https:\/\/parafialekawica.prohost.pl\/index.php?rest_route=\/wp\/v2\/users\/1"}],"replies":[{"embeddable":true,"href":"https:\/\/parafialekawica.prohost.pl\/index.php?rest_route=%2Fwp%2Fv2%2Fcomments&post=32"}],"version-history":[{"count":2,"href":"https:\/\/parafialekawica.prohost.pl\/index.php?rest_route=\/wp\/v2\/pages\/32\/revisions"}],"predecessor-version":[{"id":35,"href":"https:\/\/parafialekawica.prohost.pl\/index.php?rest_route=\/wp\/v2\/pages\/32\/revisions\/35"}],"wp:attachment":[{"href":"https:\/\/parafialekawica.prohost.pl\/index.php?rest_route=%2Fwp%2Fv2%2Fmedia&parent=32"}],"curies":[{"name":"wp","href":"https:\/\/api.w.org\/{rel}","templated":true}]}}